{"id":26,"date":"2026-03-31T08:11:18","date_gmt":"2026-03-31T08:11:18","guid":{"rendered":"http:\/\/comiteapoyoiran.com\/?page_id=26"},"modified":"2026-05-03T21:37:09","modified_gmt":"2026-05-03T19:37:09","slug":"__trashed-5","status":"publish","type":"page","link":"https:\/\/comiteapoyoiran.com\/index.php\/__trashed-5","title":{"rendered":""},"content":{"rendered":"\n<p class=\"has-text-align-center has-text-color has-link-color has-system-font-font-family wp-elements-ed662ac2c6569b4686c2e25ef4a1e560\" style=\"color:#8c1111;font-size:28px\">Iberiar Penintsulako Herriak, <\/p>\n\n\n\n<p class=\"has-text-align-center has-text-color has-link-color has-system-font-font-family wp-elements-974818cea6ebd368aacecf7f4ffc537a\" style=\"color:#8c1111;font-size:28px\">Iranekin eskutik eskura eta elkarren ondoan.<\/p>\n\n\n\n<p class=\"has-text-align-center has-medium-font-size\"><strong>Los Pueblos de la Pen\u00ednsula Ib\u00e9rica, de la mano de Ir\u00e1n, espalda con espalda<\/strong><\/p>\n\n\n\n<hr class=\"wp-block-separator has-alpha-channel-opacity\"\/>\n\n\n<div class=\"wp-block-image\">\n<figure class=\"aligncenter size-full\"><img loading=\"lazy\" decoding=\"async\" width=\"486\" height=\"680\" src=\"https:\/\/comiteapoyoiran.com\/wp-content\/uploads\/2026\/04\/LIBANO-ALMA-DE-IRAN-EMBAJADA-IRAN-LIBANO-X-2026-04-16.jpg\" alt=\"\" class=\"wp-image-37\" srcset=\"https:\/\/comiteapoyoiran.com\/wp-content\/uploads\/2026\/04\/LIBANO-ALMA-DE-IRAN-EMBAJADA-IRAN-LIBANO-X-2026-04-16.jpg 486w, https:\/\/comiteapoyoiran.com\/wp-content\/uploads\/2026\/04\/LIBANO-ALMA-DE-IRAN-EMBAJADA-IRAN-LIBANO-X-2026-04-16-214x300.jpg 214w\" sizes=\"auto, (max-width: 486px) 100vw, 486px\" \/><figcaption class=\"wp-element-caption\">No abandonamos el L\u00edbano. El L\u00edbano es el alma de Ir\u00e1n&#8230;<br>16 de abril de 2026 Embajada de Ir\u00e1n en L\u00edbano post en red X<\/figcaption><\/figure>\n<\/div>\n\n\n<pre class=\"wp-block-code\"><code><a href=\"https:\/\/x.com\/IranEmbassyLB\/status\/2044438194419019845?s=20\" data-type=\"link\" data-id=\"https:\/\/x.com\/IranEmbassyLB\/status\/2044438194419019845?s=20\">https:\/\/x.com\/IranEmbassyLB\/status\/2044438194419019845?s=20<\/a><\/code><\/pre>\n\n\n\n<hr class=\"wp-block-separator has-alpha-channel-opacity\"\/>\n\n\n\n<p class=\"has-text-align-center has-text-color has-link-color has-large-font-size wp-elements-426a6f7c5b55ffdf2963dfe1da3c4d1d\" style=\"color:#8f02c9\"><\/p>\n\n\n\n<p><\/p>\n","protected":false},"excerpt":{"rendered":"<p>Iberiar Penintsulako Herriak, Iranekin eskutik eskura eta elkarren ondoan. Los Pueblos de la Pen\u00ednsula Ib\u00e9rica, de la mano de Ir\u00e1n, espalda con espalda<\/p>\n","protected":false},"author":1,"featured_media":82,"parent":0,"menu_order":0,"comment_status":"closed","ping_status":"closed","template":"","meta":{"footnotes":""},"class_list":["post-26","page","type-page","status-publish","has-post-thumbnail"],"_links":{"self":[{"href":"https:\/\/comiteapoyoiran.com\/index.php\/wp-json\/wp\/v2\/pages\/26","targetHints":{"allow":["GET"]}}],"collection":[{"href":"https:\/\/comiteapoyoiran.com\/index.php\/wp-json\/wp\/v2\/pages"}],"about":[{"href":"https:\/\/comiteapoyoiran.com\/index.php\/wp-json\/wp\/v2\/types\/page"}],"author":[{"embeddable":true,"href":"https:\/\/comiteapoyoiran.com\/index.php\/wp-json\/wp\/v2\/users\/1"}],"replies":[{"embeddable":true,"href":"https:\/\/comiteapoyoiran.com\/index.php\/wp-json\/wp\/v2\/comments?post=26"}],"version-history":[{"count":28,"href":"https:\/\/comiteapoyoiran.com\/index.php\/wp-json\/wp\/v2\/pages\/26\/revisions"}],"predecessor-version":[{"id":175,"href":"https:\/\/comiteapoyoiran.com\/index.php\/wp-json\/wp\/v2\/pages\/26\/revisions\/175"}],"wp:featuredmedia":[{"embeddable":true,"href":"https:\/\/comiteapoyoiran.com\/index.php\/wp-json\/wp\/v2\/media\/82"}],"wp:attachment":[{"href":"https:\/\/comiteapoyoiran.com\/index.php\/wp-json\/wp\/v2\/media?parent=26"}],"curies":[{"name":"wp","href":"https:\/\/api.w.org\/{rel}","templated":true}]}}